{"id":1680,"date":"2024-09-24T16:59:33","date_gmt":"2024-09-24T14:59:33","guid":{"rendered":"http:\/\/hexanas-welt.com\/?page_id=1680"},"modified":"2024-09-24T17:06:16","modified_gmt":"2024-09-24T15:06:16","slug":"ghost-in-the-darkroom","status":"publish","type":"page","link":"http:\/\/hexanas-welt.com\/?page_id=1680","title":{"rendered":"Ghost in the Darkroom"},"content":{"rendered":"<p><img loading=\"lazy\" decoding=\"async\" class=\"alignnone wp-image-1681\" src=\"http:\/\/hexanas-welt.com\/wp-content\/uploads\/2024\/09\/61lHf60682L._AC_UF10001000_QL80_.jpg\" alt=\"\" width=\"314\" height=\"502\" srcset=\"http:\/\/hexanas-welt.com\/wp-content\/uploads\/2024\/09\/61lHf60682L._AC_UF10001000_QL80_.jpg 625w, http:\/\/hexanas-welt.com\/wp-content\/uploads\/2024\/09\/61lHf60682L._AC_UF10001000_QL80_-188x300.jpg 188w\" sizes=\"(max-width: 314px) 100vw, 314px\" \/><\/p>\n<p><a href=\"https:\/\/www.amazon.de\/Ghost-Darkroom-BDSM-Fantasy-Roman-Frank-Matvos\/dp\/9998778123\" target=\"_blank\" rel=\"noopener\">Hier gehts direkt zur Amazon Seite<\/a><\/p>\n<hr>\n<p><span style=\"font-size: 10pt;\"><em><span class=\"a-text-bold\">The Ghost in the Darkroom<\/span> ist nicht nur eine Geschichte \u00fcber BDSM und Magie, sondern auch eine Erz\u00e4hlung \u00fcber die tiefsten menschlichen Emotionen. Es geht um Liebe und Verlust, um die Suche nach Identit\u00e4t und die Frage, wie weit man bereit ist zu gehen, um das zu sch\u00fctzen, was einem am meisten am Herzen liegt. Der Roman zeichnet ein intensives Bild der Machtspiele, die im Darkroom stattfinden, und beleuchtet gleichzeitig die magischen Intrigen, die im Hintergrund gesponnen werden.<\/em><\/span><\/p>\n<hr>\n<p>&nbsp;<\/p>\n","protected":false},"excerpt":{"rendered":"<p>Hier gehts direkt zur Amazon Seite The Ghost in the Darkroom ist nicht nur eine Geschichte \u00fcber BDSM und Magie, sondern auch eine Erz\u00e4hlung \u00fcber die tiefsten menschlichen Emotionen. Es geht um Liebe und Verlust, um die Suche nach Identit\u00e4t und die Frage, wie weit man bereit ist zu gehen, um das zu sch\u00fctzen, was [&hellip;]<\/p>\n","protected":false},"author":1,"featured_media":0,"parent":0,"menu_order":0,"comment_status":"closed","ping_status":"closed","template":"","meta":{"ngg_post_thumbnail":0,"footnotes":""},"class_list":["post-1680","page","type-page","status-publish","hentry"],"_links":{"self":[{"href":"http:\/\/hexanas-welt.com\/index.php?rest_route=\/wp\/v2\/pages\/1680"}],"collection":[{"href":"http:\/\/hexanas-welt.com\/index.php?rest_route=\/wp\/v2\/pages"}],"about":[{"href":"http:\/\/hexanas-welt.com\/index.php?rest_route=\/wp\/v2\/types\/page"}],"author":[{"embeddable":true,"href":"http:\/\/hexanas-welt.com\/index.php?rest_route=\/wp\/v2\/users\/1"}],"replies":[{"embeddable":true,"href":"http:\/\/hexanas-welt.com\/index.php?rest_route=%2Fwp%2Fv2%2Fcomments&post=1680"}],"version-history":[{"count":7,"href":"http:\/\/hexanas-welt.com\/index.php?rest_route=\/wp\/v2\/pages\/1680\/revisions"}],"predecessor-version":[{"id":1689,"href":"http:\/\/hexanas-welt.com\/index.php?rest_route=\/wp\/v2\/pages\/1680\/revisions\/1689"}],"wp:attachment":[{"href":"http:\/\/hexanas-welt.com\/index.php?rest_route=%2Fwp%2Fv2%2Fmedia&parent=1680"}],"curies":[{"name":"wp","href":"https:\/\/api.w.org\/{rel}","templated":true}]}}